{"id":3,"date":"2023-09-18T15:15:23","date_gmt":"2023-09-18T15:15:23","guid":{"rendered":"https:\/\/onetocorp.com\/?page_id=3"},"modified":"2023-10-05T09:11:11","modified_gmt":"2023-10-05T09:11:11","slug":"politica-privacidad","status":"publish","type":"page","link":"https:\/\/onetocorp.com\/eng\/politica-privacidad\/","title":{"rendered":"Pol\u00edtica de privacidad"},"content":{"rendered":"<p>Teresa Su\u00e1rez Mart\u00edn le informa<strong> <\/strong>sobre su Pol\u00edtica de Privacidad respecto del tratamiento y protecci\u00f3n de los datos de car\u00e1cter personal de los usuarios y clientes que puedan ser recabados por la navegaci\u00f3n o contrataci\u00f3n de servicios a trav\u00e9s del sitio Web www.onetocorp.com<\/p>\n\n\n\n<p>En este sentido, el Titular\ngarantiza el cumplimiento de la normativa vigente en materia de protecci\u00f3n de\ndatos personales, reflejada en la Ley Org\u00e1nica 3\/2018, de 5 de diciembre, de\nProtecci\u00f3n de Datos Personales y de Garant\u00eda de Derechos Digitales (LOPD GDD).\nCumple tambi\u00e9n con el Reglamento (UE) 2016\/679 del Parlamento Europeo y del\nConsejo de 27 de abril de 2016 relativo a la protecci\u00f3n de las personas f\u00edsicas\n(RGPD).<\/p>\n\n\n\n<p>El uso de sitio Web implica\nla aceptaci\u00f3n de esta Pol\u00edtica de Privacidad as\u00ed como las condiciones incluidas\nen el Aviso Legal.<\/p>\n\n\n\n<h3 class=\"wp-block-heading\">Identidad del responsable<\/h3>\n\n\n\n<ul class=\"wp-block-list\"><li>Titular:\nTeresa Su\u00e1rez Mart\u00edn<\/li><li>NIF\/CIF:\n44232434F<\/li><li>Domicilio:\nC\/Rioja n\u00ba 13, 1\u00ba C 41001<\/li><li>Correo\nelectr\u00f3nico: <a href=\"mailto:hablamos@onetocorp.com\">hablamos@onetocorp.com<\/a><\/li><li>Sitio\nWeb: www.onetocorp.com<\/li><\/ul>\n\n\n\n<h3 class=\"wp-block-heading\">Principios aplicados en el tratamiento de datos<\/h3>\n\n\n\n<p>En el tratamiento de tus\ndatos personales, el Titular aplicar\u00e1 los siguientes principios que se ajustan\na las exigencias del nuevo reglamento europeo de protecci\u00f3n de datos:<\/p>\n\n\n\n<ul class=\"wp-block-list\"><li><strong>Principio de licitud, lealtad y\ntransparencia:<\/strong> El\nTitular siempre requerir\u00e1 el consentimiento para el tratamiento de tus datos\npersonales que puede ser para uno o varios fines espec\u00edficos sobre los que te\ninformar\u00e1 previamente con absoluta transparencia.<\/li><li><strong>Principio de minimizaci\u00f3n de datos:<\/strong> El Titular te solicitar\u00e1 solo los\ndatos estrictamente necesarios para el fin o los fines que los solicita.<\/li><li><strong>Principio de limitaci\u00f3n del plazo de\nconservaci\u00f3n:<\/strong> Los\ndatos se mantendr\u00e1n durante el tiempo estrictamente necesario para el fin o los\nfines del tratamiento.<br>\nEl Titular te informar\u00e1 del plazo de conservaci\u00f3n correspondiente seg\u00fan la\nfinalidad. En el caso de suscripciones, el Titular revisar\u00e1 peri\u00f3dicamente las\nlistas y eliminar\u00e1 aquellos registros inactivos durante un tiempo considerable.<\/li><li><strong>Principio de integridad y\nconfidencialidad:<\/strong> Tus\ndatos ser\u00e1n tratados de tal manera que su seguridad, confidencialidad e\nintegridad est\u00e9 garantizada. Debes saber que el Titular toma las precauciones\nnecesarias para evitar el acceso no autorizado o uso indebido de los datos de\nsus usuarios por parte de terceros.<\/li><\/ul>\n\n\n\n<h3 class=\"wp-block-heading\">Obtenci\u00f3n de datos personales<\/h3>\n\n\n\n<p>Para navegar por\nwww.onetocorp.com no es necesario que facilites ning\u00fan dato personal. Los casos\nen los que s\u00ed proporcionas tus datos personales son los siguientes:<\/p>\n\n\n\n<ul class=\"wp-block-list\"><li>Al\ncontactar a trav\u00e9s de los formularios de contacto o enviar un correo\nelectr\u00f3nico.<\/li><\/ul>\n\n\n\n<h3 class=\"wp-block-heading\">Tus derechos<\/h3>\n\n\n\n<p>El Titular te informa que\nsobre tus datos personales tienes derecho a:<\/p>\n\n\n\n<ul class=\"wp-block-list\"><li>Solicitar\nel acceso a los datos almacenados.<\/li><li>Solicitar\nuna rectificaci\u00f3n o la supresi\u00f3n<\/li><li>Solicitar\nla limitaci\u00f3n de su tratamiento.<\/li><li>Oponerte\nal tratamiento.<\/li><li>Solicitar\nla portabilidad de tus datos.<\/li><\/ul>\n\n\n\n<p>El ejercicio de estos\nderechos es personal y por tanto debe ser ejercido directamente por el\ninteresado, solicit\u00e1ndolo directamente al Titular, lo que significa que\ncualquier cliente, suscriptor o colaborador que haya facilitado sus datos en\nalg\u00fan momento puede dirigirse al Titular y pedir informaci\u00f3n sobre los datos\nque tiene almacenados y c\u00f3mo los ha obtenido, solicitar la rectificaci\u00f3n de los\nmismos, solicitar la portabilidad de sus datos personales, oponerse al\ntratamiento, limitar su uso o solicitar la cancelaci\u00f3n de esos datos en los\nficheros del Titular.<\/p>\n\n\n\n<p>Para ejercitar los citados\nderechos, env\u00eda un correo electr\u00f3nico a <a href=\"mailto:hablamos@onetocorp.com\">hablamos@onetocorp.com<\/a>.<\/p>\n\n\n\n<p>En caso de que consideres que\ntus derechos no han sido atendidos convenientemente, podr\u00e1s presentar una\nreclamaci\u00f3n ante la autoridad de control, en este caso, la Agencia Espa\u00f1ola de\nProtecci\u00f3n de Datos.<\/p>\n\n\n\n<h3 class=\"wp-block-heading\">Finalidad del tratamiento de datos personales<\/h3>\n\n\n\n<p>Cuando te conectas al sitio Web para mandar un correo al Titular, te suscribes a su bolet\u00edn o realizas una contrataci\u00f3n, est\u00e1s facilitando informaci\u00f3n de car\u00e1cter personal de la que el responsable es el Titular. Esta informaci\u00f3n puede incluir datos de car\u00e1cter personal como pueden ser tu direcci\u00f3n IP, nombre y apellidos, direcci\u00f3n f\u00edsica, direcci\u00f3n de correo electr\u00f3nico, n\u00famero de tel\u00e9fono, y otra informaci\u00f3n. Al facilitar esta informaci\u00f3n, das tu conocimiento para que tu informaci\u00f3n sea recopilada, utilizada, gestionada y almacenada por el Titular, s\u00f3lo como se describe en el Aviso Legal y en la presente Pol\u00edtica de Privacidad.<\/p>\n\n\n\n<p>Los datos personales y la\nfinalidad del tratamiento por parte del Titular es diferente seg\u00fan el sistema\nde captura de informaci\u00f3n:<\/p>\n\n\n\n<ul class=\"wp-block-list\"><li><strong>Formularios de contacto:<\/strong> El Titular solicita datos\npersonales entre los que pueden estar: Nombre y apellidos, direcci\u00f3n de correo\nelectr\u00f3nico, n\u00famero de tel\u00e9fono y direcci\u00f3n de tu sitio Web con la finalidad de\nresponder a tus consultas.<br>\nPor ejemplo, el Titular utiliza esos datos para dar respuesta a tus mensajes,\ndudas, quejas, comentarios o inquietudes que puedas tener relativas a la\ninformaci\u00f3n incluida en el sitio Web, los servicios que se prestan a trav\u00e9s del\nsitio Web, el tratamiento de tus datos personales, cuestiones referentes a los\ntextos legales incluidos en el sitio Web, as\u00ed como cualquier otra consulta que\npuedas tener y que no est\u00e9 sujeta a las condiciones del sitio Web o de la\ncontrataci\u00f3n.<\/li><\/ul>\n\n\n\n<p>Existen otras finalidades por\nlas que el Titular trata tus datos personales:<\/p>\n\n\n\n<ul class=\"wp-block-list\"><li>Para\ngarantizar el cumplimiento de las condiciones recogidas en el Aviso Legal y en\nla ley aplicable. Esto puede incluir el desarrollo de herramientas y algoritmos\nque ayuden a este sitio Web a garantizar la confidencialidad de los datos\npersonales que recoge.<\/li><li>Para\napoyar y mejorar los servicios que ofrece este sitio Web.<\/li><li>Para\nanalizar la navegaci\u00f3n. El Titular recoge otros datos no identificativos que se\nobtienen mediante el uso de cookies que se descargan en tu ordenador cuando\nnavegas por el sitio Web cuyas caracter\u00edsticas y finalidad est\u00e1n detalladas en\nla Pol\u00edtica de Cookies .<\/li><li>Para\ngestionar las redes sociales. El Titular tiene presencia en redes sociales. Si\nte haces seguidor en las redes sociales del Titular el tratamiento de los datos\npersonales se regir\u00e1 por este apartado, as\u00ed como por aquellas condiciones de\nuso, pol\u00edticas de privacidad y normativas de acceso que pertenezcan a la red\nsocial que proceda en cada caso y que has aceptado previamente.<\/li><\/ul>\n\n\n\n<p>Puedes consultar las\npol\u00edticas de privacidad de las principales redes sociales en estos enlaces:<\/p>\n\n\n\n<ul class=\"wp-block-list\"><li>Linkedin<\/li><\/ul>\n\n\n\n<p>El Titular tratar\u00e1 tus datos personales\ncon la finalidad de administrar correctamente su presencia en la red social,\ninformarte de sus actividades, productos o servicios, as\u00ed como para cualquier\notra finalidad que las normativas de las redes sociales permitan.<\/p>\n\n\n\n<p>En ning\u00fan caso el Titular\nutilizar\u00e1 los perfiles de seguidores en redes sociales para enviar publicidad\nde manera individual.<\/p>\n\n\n\n<h3 class=\"wp-block-heading\">Seguridad de los datos personales<\/h3>\n\n\n\n<p>Para proteger tus datos\npersonales, el Titular toma todas las precauciones razonables y sigue las\nmejores pr\u00e1cticas de la industria para evitar su p\u00e9rdida, mal uso, acceso\nindebido por terceros no autorizados, divulgaci\u00f3n, alteraci\u00f3n o destrucci\u00f3n de\nlos mismos.<\/p>\n\n\n\n<p>El sitio Web est\u00e1 alojado en\nOVH. La seguridad de tus datos est\u00e1 garantizada, ya que toman todas las medidas\nde seguridad necesarias para ello. Puedes consultar su pol\u00edtica de privacidad\npara tener m\u00e1s informaci\u00f3n.<\/p>\n\n\n\n<h3 class=\"wp-block-heading\">Contenido de otros sitios web<\/h3>\n\n\n\n<p>Las p\u00e1ginas de este sitio Web\npueden incluir contenido incrustado (por ejemplo, v\u00eddeos, im\u00e1genes, art\u00edculos,\netc.). El contenido incrustado de otras web se comporta exactamente de la misma\nmanera que si hubieras visitado la otra web.<\/p>\n\n\n\n<p>Estos sitios Web pueden\nrecopilar datos sobre ti, utilizar cookies, incrustar un c\u00f3digo de seguimiento\nadicional de terceros, y supervisar tu interacci\u00f3n usando este c\u00f3digo.<\/p>\n\n\n\n<h3 class=\"wp-block-heading\">Cambios en la Pol\u00edtica de Privacidad<\/h3>\n\n\n\n<p>El Titular se reserva el\nderecho a modificar la presente Pol\u00edtica de Privacidad para adaptarla a\nnovedades legislativas o jurisprudenciales.<\/p>\n\n\n\n<p>Estas pol\u00edticas estar\u00e1n\nvigentes hasta que sean modificadas por otras debidamente publicadas.<\/p>\n\n\n\n<p>La presente pol\u00edtica de privacidad es la versi\u00f3n 1.0 y se publica a fecha 25 de septiembre de 2020.<\/p>\n\n\n\n<p>Ver la <a href=\"https:\/\/onetocorp.com\/eng\/politica-de-cookies\/\">pol\u00edtica de cookies<\/a>.<\/p>","protected":false},"excerpt":{"rendered":"<p>Teresa Su\u00e1rez Mart\u00edn le informa sobre su Pol\u00edtica de Privacidad respecto del tratamiento y protecci\u00f3n de los datos de car\u00e1cter personal de los usuarios y clientes<span class=\"excerpt-hellip\"> [\u2026]<\/span><\/p>","protected":false},"author":1,"featured_media":0,"parent":0,"menu_order":0,"comment_status":"closed","ping_status":"closed","template":"","meta":{"footnotes":""},"class_list":["post-3","page","type-page","status-publish","hentry"],"yoast_head":"<!-- This site is optimized with the Yoast SEO plugin v21.3 - https:\/\/yoast.com\/wordpress\/plugins\/seo\/ -->\n<title>Pol\u00edtica de privacidad - One to Corp<\/title>\n<meta name=\"robots\" content=\"index, follow, max-snippet:-1, max-image-preview:large, max-video-preview:-1\" \/>\n<link rel=\"canonical\" href=\"https:\/\/onetocorp.com\/eng\/politica-privacidad\/\" \/>\n<meta property=\"og:locale\" content=\"en_US\" \/>\n<meta property=\"og:type\" content=\"article\" \/>\n<meta property=\"og:title\" content=\"Pol\u00edtica de privacidad - One to Corp\" \/>\n<meta property=\"og:description\" content=\"Teresa Su\u00e1rez Mart\u00edn le informa sobre su Pol\u00edtica de Privacidad respecto del tratamiento y protecci\u00f3n de los datos de car\u00e1cter personal de los usuarios y clientes [\u2026]\" \/>\n<meta property=\"og:url\" content=\"https:\/\/onetocorp.com\/eng\/politica-privacidad\/\" \/>\n<meta property=\"og:site_name\" content=\"One to Corp\" \/>\n<meta property=\"article:modified_time\" content=\"2023-10-05T09:11:11+00:00\" \/>\n<meta name=\"twitter:card\" content=\"summary_large_image\" \/>\n<meta name=\"twitter:label1\" content=\"Est. reading time\" \/>\n\t<meta name=\"twitter:data1\" content=\"7 minutes\" \/>\n<script type=\"application\/ld+json\" class=\"yoast-schema-graph\">{\"@context\":\"https:\/\/schema.org\",\"@graph\":[{\"@type\":\"WebPage\",\"@id\":\"https:\/\/onetocorp.com\/politica-privacidad\/\",\"url\":\"https:\/\/onetocorp.com\/politica-privacidad\/\",\"name\":\"Pol\u00edtica de privacidad - One to Corp\",\"isPartOf\":{\"@id\":\"https:\/\/onetocorp.com\/#website\"},\"datePublished\":\"2023-09-18T15:15:23+00:00\",\"dateModified\":\"2023-10-05T09:11:11+00:00\",\"breadcrumb\":{\"@id\":\"https:\/\/onetocorp.com\/politica-privacidad\/#breadcrumb\"},\"inLanguage\":\"en-US\",\"potentialAction\":[{\"@type\":\"ReadAction\",\"target\":[\"https:\/\/onetocorp.com\/politica-privacidad\/\"]}]},{\"@type\":\"BreadcrumbList\",\"@id\":\"https:\/\/onetocorp.com\/politica-privacidad\/#breadcrumb\",\"itemListElement\":[{\"@type\":\"ListItem\",\"position\":1,\"name\":\"Portada\",\"item\":\"https:\/\/onetocorp.com\/\"},{\"@type\":\"ListItem\",\"position\":2,\"name\":\"Pol\u00edtica de privacidad\"}]},{\"@type\":\"WebSite\",\"@id\":\"https:\/\/onetocorp.com\/#website\",\"url\":\"https:\/\/onetocorp.com\/\",\"name\":\"One to Corp\",\"description\":\"Consultor\u00eda para transformar y acelerar organizaciones\",\"potentialAction\":[{\"@type\":\"SearchAction\",\"target\":{\"@type\":\"EntryPoint\",\"urlTemplate\":\"https:\/\/onetocorp.com\/?s={search_term_string}\"},\"query-input\":\"required name=search_term_string\"}],\"inLanguage\":\"en-US\"}]}<\/script>\n<!-- \/ Yoast SEO plugin. -->","yoast_head_json":{"title":"Pol\u00edtica de privacidad - One to Corp","robots":{"index":"index","follow":"follow","max-snippet":"max-snippet:-1","max-image-preview":"max-image-preview:large","max-video-preview":"max-video-preview:-1"},"canonical":"https:\/\/onetocorp.com\/eng\/politica-privacidad\/","og_locale":"en_US","og_type":"article","og_title":"Pol\u00edtica de privacidad - One to Corp","og_description":"Teresa Su\u00e1rez Mart\u00edn le informa sobre su Pol\u00edtica de Privacidad respecto del tratamiento y protecci\u00f3n de los datos de car\u00e1cter personal de los usuarios y clientes [\u2026]","og_url":"https:\/\/onetocorp.com\/eng\/politica-privacidad\/","og_site_name":"One to Corp","article_modified_time":"2023-10-05T09:11:11+00:00","twitter_card":"summary_large_image","twitter_misc":{"Est. reading time":"7 minutes"},"schema":{"@context":"https:\/\/schema.org","@graph":[{"@type":"WebPage","@id":"https:\/\/onetocorp.com\/politica-privacidad\/","url":"https:\/\/onetocorp.com\/politica-privacidad\/","name":"Pol\u00edtica de privacidad - One to Corp","isPartOf":{"@id":"https:\/\/onetocorp.com\/#website"},"datePublished":"2023-09-18T15:15:23+00:00","dateModified":"2023-10-05T09:11:11+00:00","breadcrumb":{"@id":"https:\/\/onetocorp.com\/politica-privacidad\/#breadcrumb"},"inLanguage":"en-US","potentialAction":[{"@type":"ReadAction","target":["https:\/\/onetocorp.com\/politica-privacidad\/"]}]},{"@type":"BreadcrumbList","@id":"https:\/\/onetocorp.com\/politica-privacidad\/#breadcrumb","itemListElement":[{"@type":"ListItem","position":1,"name":"Portada","item":"https:\/\/onetocorp.com\/"},{"@type":"ListItem","position":2,"name":"Pol\u00edtica de privacidad"}]},{"@type":"WebSite","@id":"https:\/\/onetocorp.com\/#website","url":"https:\/\/onetocorp.com\/","name":"One to Corp","description":"Consultor\u00eda para transformar y acelerar organizaciones","potentialAction":[{"@type":"SearchAction","target":{"@type":"EntryPoint","urlTemplate":"https:\/\/onetocorp.com\/?s={search_term_string}"},"query-input":"required name=search_term_string"}],"inLanguage":"en-US"}]}},"_links":{"self":[{"href":"https:\/\/onetocorp.com\/eng\/wp-json\/wp\/v2\/pages\/3","targetHints":{"allow":["GET"]}}],"collection":[{"href":"https:\/\/onetocorp.com\/eng\/wp-json\/wp\/v2\/pages"}],"about":[{"href":"https:\/\/onetocorp.com\/eng\/wp-json\/wp\/v2\/types\/page"}],"author":[{"embeddable":true,"href":"https:\/\/onetocorp.com\/eng\/wp-json\/wp\/v2\/users\/1"}],"replies":[{"embeddable":true,"href":"https:\/\/onetocorp.com\/eng\/wp-json\/wp\/v2\/comments?post=3"}],"version-history":[{"count":2,"href":"https:\/\/onetocorp.com\/eng\/wp-json\/wp\/v2\/pages\/3\/revisions"}],"predecessor-version":[{"id":225,"href":"https:\/\/onetocorp.com\/eng\/wp-json\/wp\/v2\/pages\/3\/revisions\/225"}],"wp:attachment":[{"href":"https:\/\/onetocorp.com\/eng\/wp-json\/wp\/v2\/media?parent=3"}],"curies":[{"name":"wp","href":"https:\/\/api.w.org\/{rel}","templated":true}]}}