{"id":223,"date":"2023-09-02T12:11:30","date_gmt":"2023-09-02T12:11:30","guid":{"rendered":"https:\/\/onetocorp.com\/?page_id=223"},"modified":"2023-10-05T09:10:52","modified_gmt":"2023-10-05T09:10:52","slug":"politica-de-cookies","status":"publish","type":"page","link":"https:\/\/onetocorp.com\/eng\/politica-de-cookies\/","title":{"rendered":"Pol\u00edtica de cookies"},"content":{"rendered":"<p>Para que este sitio Web\nfuncione como realmente nos gustar\u00eda necesita utilizar cookies, que es una\ninformaci\u00f3n que se almacena en tu navegador web.<\/p>\n\n\n\n<p>En la p\u00e1gina Pol\u00edtica de\nCookies puedes consultar toda la informaci\u00f3n relativa a la pol\u00edtica de\nrecogida, la finalidad y el tratamiento de las cookies.<\/p>\n\n\n\n<h3 class=\"wp-block-heading\">Legitimaci\u00f3n para el tratamiento de datos<\/h3>\n\n\n\n<p>La base legal para el\ntratamiento de tus datos es el consentimiento.<\/p>\n\n\n\n<h3 class=\"wp-block-heading\">Categor\u00edas de datos personales<\/h3>\n\n\n\n<p>La naturaleza de los datos\npersonales recabados que trata el Titular son:<\/p>\n\n\n\n<ul class=\"wp-block-list\"><li>Datos\nidentificativos.<\/li><\/ul>\n\n\n\n<h3 class=\"wp-block-heading\">Conservaci\u00f3n de datos personales<\/h3>\n\n\n\n<p>Los datos personales que\nproporciones al Titular se conservar\u00e1n hasta que solicites su supresi\u00f3n, salvo\nque deban mantenerse por un tiempo superior por imperativo legal.<\/p>\n\n\n\n<h3 class=\"wp-block-heading\">Destinatarios de datos personales<\/h3>\n\n\n\n<ul class=\"wp-block-list\"><li><strong>Google Analytics<\/strong> es un servicio de anal\u00edtica web\nprestado por Google, Inc., una compa\u00f1\u00eda de Delaware cuya oficina principal est\u00e1\nen 1600 Amphitheatre Parkway, Mountain View (California), CA 94043, Estados\nUnidos (\u201cGoogle\u201d). Encontrar\u00e1s m\u00e1s informaci\u00f3n en: <a href=\"https:\/\/analytics.google.com\/\">https:\/\/analytics.google.com<br>\n<\/a>Google Analytics utiliza\n\u201ccookies\u201d, que son archivos de texto ubicados en tu ordenador, para ayudar al\nTitular a analizar el uso que hacen los usuarios del sitio Web. La informaci\u00f3n\nque genera la cookie acerca del uso del sitio Web (incluyendo tu direcci\u00f3n IP)\nser\u00e1 directamente transmitida y archivada por Google en los servidores de\nEstados Unidos.<\/li><li><strong>DoubleClick by Google<\/strong> es un conjunto de servicios\npublicitarios proporcionado por Google, Inc., una compa\u00f1\u00eda de Delaware cuya\noficina principal est\u00e1 en 1600 Amphitheatre Parkway, Mountain View\n(California), CA 94043, Estados Unidos (\u201cGoogle\u201d).<br>\nEncontrar\u00e1s m\u00e1s informaci\u00f3n en: <a href=\"https:\/\/www.doubleclickbygoogle.com\/\">https:\/\/www.doubleclickbygoogle.com<br>\n<\/a>DoubleClick utiliza\n\u201ccookies\u201d, que son archivos de texto ubicados en tu ordenador y que sirven para\naumentar la relevancia de los anuncios relacionados con tus b\u00fasquedas recientes.\nEn la Pol\u00edtica de privacidad de Google se explica c\u00f3mo Google gestiona tu\nprivacidad en lo que respecta al uso de las cookies y otra informaci\u00f3n.<\/li><\/ul>\n\n\n\n<p>Tambi\u00e9n puedes ver una lista\nde los tipos de cookies que utiliza Google y sus colaboradores y toda la\ninformaci\u00f3n relativa al uso que hacen de cookies publicitarias.<\/p>\n\n\n\n<h3 class=\"wp-block-heading\">Navegaci\u00f3n Web<\/h3>\n\n\n\n<p>Al navegar por\nwww.onetocorp.com se pueden recoger datos no identificativos, que pueden\nincluir, la direcci\u00f3n IP, geolocalizaci\u00f3n, un registro de c\u00f3mo se utilizan los\nservicios y sitios, h\u00e1bitos de navegaci\u00f3n y otros datos que no pueden ser\nutilizados para identificarte.<\/p>\n\n\n\n<p>El sitio Web utiliza los\nsiguientes servicios de an\u00e1lisis de terceros:<\/p>\n\n\n\n<ul class=\"wp-block-list\"><li>Google\nAnalytics<\/li><li>DoubleClick\npor Google<\/li><\/ul>\n\n\n\n<p>El Titular utiliza la\ninformaci\u00f3n obtenida para obtener datos estad\u00edsticos, analizar tendencias,\nadministrar el sitio, estudiar patrones de navegaci\u00f3n y para recopilar\ninformaci\u00f3n demogr\u00e1fica.<\/p>\n\n\n\n<h3 class=\"wp-block-heading\">Exactitud y veracidad de los datos personales<\/h3>\n\n\n\n<p>Te comprometes a que los\ndatos facilitados al Titular sean correctos, completos, exactos y vigentes, as\u00ed\ncomo a mantenerlos debidamente actualizados.<\/p>\n\n\n\n<p>Como Usuario del sitio Web\neres el \u00fanico responsable de la veracidad y correcci\u00f3n de los datos que remitas\nal sitio exonerando a el Titular de cualquier responsabilidad al respecto.<\/p>\n\n\n\n<h3 class=\"wp-block-heading\">Aceptaci\u00f3n y consentimiento<\/h3>\n\n\n\n<p>Como Usuario del sitio Web\ndeclaras haber sido informado de las condiciones sobre protecci\u00f3n de datos de\ncar\u00e1cter personal, aceptas y consientes el tratamiento de los mismos por parte\nde el Titular en la forma y para las finalidades indicadas en esta Pol\u00edtica de\nPrivacidad.<\/p>\n\n\n\n<h3 class=\"wp-block-heading\">Cambios en la Pol\u00edtica de Privacidad<\/h3>\n\n\n\n<p>El Titular se reserva el\nderecho a modificar la presente Pol\u00edtica de Privacidad para adaptarla a\nnovedades legislativas o jurisprudenciales.<\/p>\n\n\n\n<p>Estas pol\u00edticas estar\u00e1n\nvigentes hasta que sean modificadas por otras debidamente publicadas.<\/p>\n\n\n\n<p>La presente pol\u00edtica de cookies es la versi\u00f3n 1.0 y se publica a fecha 25 de septiembre de 2020.<\/p>\n\n\n\n<p>Ver la <a href=\"https:\/\/onetocorp.com\/eng\/politica-privacidad\/\">pol\u00edtica de privacidad<\/a>.<\/p>","protected":false},"excerpt":{"rendered":"<p>Para que este sitio Web funcione como realmente nos gustar\u00eda necesita utilizar cookies, que es una informaci\u00f3n que se almacena en tu navegador web. En la<span class=\"excerpt-hellip\"> [\u2026]<\/span><\/p>","protected":false},"author":1,"featured_media":0,"parent":0,"menu_order":0,"comment_status":"closed","ping_status":"closed","template":"","meta":{"footnotes":""},"class_list":["post-223","page","type-page","status-publish","hentry"],"yoast_head":"<!-- This site is optimized with the Yoast SEO plugin v21.3 - https:\/\/yoast.com\/wordpress\/plugins\/seo\/ -->\n<title>Pol\u00edtica de cookies - One to Corp<\/title>\n<meta name=\"robots\" content=\"index, follow, max-snippet:-1, max-image-preview:large, max-video-preview:-1\" \/>\n<link rel=\"canonical\" href=\"https:\/\/onetocorp.com\/eng\/politica-de-cookies\/\" \/>\n<meta property=\"og:locale\" content=\"en_US\" \/>\n<meta property=\"og:type\" content=\"article\" \/>\n<meta property=\"og:title\" content=\"Pol\u00edtica de cookies - One to Corp\" \/>\n<meta property=\"og:description\" content=\"Para que este sitio Web funcione como realmente nos gustar\u00eda necesita utilizar cookies, que es una informaci\u00f3n que se almacena en tu navegador web. En la [\u2026]\" \/>\n<meta property=\"og:url\" content=\"https:\/\/onetocorp.com\/eng\/politica-de-cookies\/\" \/>\n<meta property=\"og:site_name\" content=\"One to Corp\" \/>\n<meta property=\"article:modified_time\" content=\"2023-10-05T09:10:52+00:00\" \/>\n<meta name=\"twitter:card\" content=\"summary_large_image\" \/>\n<meta name=\"twitter:label1\" content=\"Est. reading time\" \/>\n\t<meta name=\"twitter:data1\" content=\"3 minutes\" \/>\n<script type=\"application\/ld+json\" class=\"yoast-schema-graph\">{\"@context\":\"https:\/\/schema.org\",\"@graph\":[{\"@type\":\"WebPage\",\"@id\":\"https:\/\/onetocorp.com\/politica-de-cookies\/\",\"url\":\"https:\/\/onetocorp.com\/politica-de-cookies\/\",\"name\":\"Pol\u00edtica de cookies - One to Corp\",\"isPartOf\":{\"@id\":\"https:\/\/onetocorp.com\/#website\"},\"datePublished\":\"2023-09-02T12:11:30+00:00\",\"dateModified\":\"2023-10-05T09:10:52+00:00\",\"breadcrumb\":{\"@id\":\"https:\/\/onetocorp.com\/politica-de-cookies\/#breadcrumb\"},\"inLanguage\":\"en-US\",\"potentialAction\":[{\"@type\":\"ReadAction\",\"target\":[\"https:\/\/onetocorp.com\/politica-de-cookies\/\"]}]},{\"@type\":\"BreadcrumbList\",\"@id\":\"https:\/\/onetocorp.com\/politica-de-cookies\/#breadcrumb\",\"itemListElement\":[{\"@type\":\"ListItem\",\"position\":1,\"name\":\"Portada\",\"item\":\"https:\/\/onetocorp.com\/\"},{\"@type\":\"ListItem\",\"position\":2,\"name\":\"Pol\u00edtica de cookies\"}]},{\"@type\":\"WebSite\",\"@id\":\"https:\/\/onetocorp.com\/#website\",\"url\":\"https:\/\/onetocorp.com\/\",\"name\":\"One to Corp\",\"description\":\"Consultor\u00eda para transformar y acelerar organizaciones\",\"potentialAction\":[{\"@type\":\"SearchAction\",\"target\":{\"@type\":\"EntryPoint\",\"urlTemplate\":\"https:\/\/onetocorp.com\/?s={search_term_string}\"},\"query-input\":\"required name=search_term_string\"}],\"inLanguage\":\"en-US\"}]}<\/script>\n<!-- \/ Yoast SEO plugin. -->","yoast_head_json":{"title":"Pol\u00edtica de cookies - One to Corp","robots":{"index":"index","follow":"follow","max-snippet":"max-snippet:-1","max-image-preview":"max-image-preview:large","max-video-preview":"max-video-preview:-1"},"canonical":"https:\/\/onetocorp.com\/eng\/politica-de-cookies\/","og_locale":"en_US","og_type":"article","og_title":"Pol\u00edtica de cookies - One to Corp","og_description":"Para que este sitio Web funcione como realmente nos gustar\u00eda necesita utilizar cookies, que es una informaci\u00f3n que se almacena en tu navegador web. En la [\u2026]","og_url":"https:\/\/onetocorp.com\/eng\/politica-de-cookies\/","og_site_name":"One to Corp","article_modified_time":"2023-10-05T09:10:52+00:00","twitter_card":"summary_large_image","twitter_misc":{"Est. reading time":"3 minutes"},"schema":{"@context":"https:\/\/schema.org","@graph":[{"@type":"WebPage","@id":"https:\/\/onetocorp.com\/politica-de-cookies\/","url":"https:\/\/onetocorp.com\/politica-de-cookies\/","name":"Pol\u00edtica de cookies - One to Corp","isPartOf":{"@id":"https:\/\/onetocorp.com\/#website"},"datePublished":"2023-09-02T12:11:30+00:00","dateModified":"2023-10-05T09:10:52+00:00","breadcrumb":{"@id":"https:\/\/onetocorp.com\/politica-de-cookies\/#breadcrumb"},"inLanguage":"en-US","potentialAction":[{"@type":"ReadAction","target":["https:\/\/onetocorp.com\/politica-de-cookies\/"]}]},{"@type":"BreadcrumbList","@id":"https:\/\/onetocorp.com\/politica-de-cookies\/#breadcrumb","itemListElement":[{"@type":"ListItem","position":1,"name":"Portada","item":"https:\/\/onetocorp.com\/"},{"@type":"ListItem","position":2,"name":"Pol\u00edtica de cookies"}]},{"@type":"WebSite","@id":"https:\/\/onetocorp.com\/#website","url":"https:\/\/onetocorp.com\/","name":"One to Corp","description":"Consultor\u00eda para transformar y acelerar organizaciones","potentialAction":[{"@type":"SearchAction","target":{"@type":"EntryPoint","urlTemplate":"https:\/\/onetocorp.com\/?s={search_term_string}"},"query-input":"required name=search_term_string"}],"inLanguage":"en-US"}]}},"_links":{"self":[{"href":"https:\/\/onetocorp.com\/eng\/wp-json\/wp\/v2\/pages\/223","targetHints":{"allow":["GET"]}}],"collection":[{"href":"https:\/\/onetocorp.com\/eng\/wp-json\/wp\/v2\/pages"}],"about":[{"href":"https:\/\/onetocorp.com\/eng\/wp-json\/wp\/v2\/types\/page"}],"author":[{"embeddable":true,"href":"https:\/\/onetocorp.com\/eng\/wp-json\/wp\/v2\/users\/1"}],"replies":[{"embeddable":true,"href":"https:\/\/onetocorp.com\/eng\/wp-json\/wp\/v2\/comments?post=223"}],"version-history":[{"count":1,"href":"https:\/\/onetocorp.com\/eng\/wp-json\/wp\/v2\/pages\/223\/revisions"}],"predecessor-version":[{"id":224,"href":"https:\/\/onetocorp.com\/eng\/wp-json\/wp\/v2\/pages\/223\/revisions\/224"}],"wp:attachment":[{"href":"https:\/\/onetocorp.com\/eng\/wp-json\/wp\/v2\/media?parent=223"}],"curies":[{"name":"wp","href":"https:\/\/api.w.org\/{rel}","templated":true}]}}